{"id":1071,"date":"2020-09-24T22:31:20","date_gmt":"2020-09-25T04:31:20","guid":{"rendered":"https:\/\/gwa.pxdev1.com\/?post_type=product&#038;p=1071"},"modified":"2025-11-03T15:02:13","modified_gmt":"2025-11-03T21:02:13","slug":"costa-rica-birdwatching-paradise-7-days-6-nights","status":"publish","type":"product","link":"https:\/\/www.greenworldadventures.com\/es\/product\/costa-rica-birdwatching-paradise-7-days-6-nights\/","title":{"rendered":"Costa Rica: Para\u00edso para Observadores de Aves (6 d\u00edas y 5 noches)."},"content":{"rendered":"<p><span lang=\"es-CR\">Amantes de la observaci\u00f3n de aves de todo mundo visitan Costa Rica a lo largo del a\u00f1o para admirar sus hermosas aves, ya que este pa\u00eds est\u00e1 entre los 10 mejores destinos a nivel mundial para la observaci\u00f3n de aves. Algunas caracter\u00edsticas especiales de Costa Rica son su gran variedad de microclimas, su constante cambio de altitud y bosques entre destinos, y su posici\u00f3n geogr\u00e1fica en el planeta (somos un puente natural para el paso de animal entre Suram\u00e9rica y Norte Am\u00e9rica). Disfrute de esta corta expedici\u00f3n enfocada en la observaci\u00f3n de aves, la cual visita tres destinos populares para amantes de las aves. <\/span><\/p>","protected":false},"excerpt":{"rendered":"<p><span lang=\"es-CR\">Amantes de la observaci\u00f3n de aves de todo mundo visitan Costa Rica a lo largo del a\u00f1o para admirar sus hermosas aves, ya que este pa\u00eds est\u00e1 entre los 10 mejores destinos a nivel mundial para la observaci\u00f3n de aves.<\/span><\/p>\n","protected":false},"featured_media":11731,"comment_status":"open","ping_status":"closed","template":"","meta":[],"product_cat":[19],"product_tag":[63,65,69,67,62,66,68],"acf":[],"_links":{"self":[{"href":"https:\/\/www.greenworldadventures.com\/es\/wp-json\/wp\/v2\/product\/1071"}],"collection":[{"href":"https:\/\/www.greenworldadventures.com\/es\/wp-json\/wp\/v2\/product"}],"about":[{"href":"https:\/\/www.greenworldadventures.com\/es\/wp-json\/wp\/v2\/types\/product"}],"replies":[{"embeddable":true,"href":"https:\/\/www.greenworldadventures.com\/es\/wp-json\/wp\/v2\/comments?post=1071"}],"wp:featuredmedia":[{"embeddable":true,"href":"https:\/\/www.greenworldadventures.com\/es\/wp-json\/wp\/v2\/media\/11731"}],"wp:attachment":[{"href":"https:\/\/www.greenworldadventures.com\/es\/wp-json\/wp\/v2\/media?parent=1071"}],"wp:term":[{"taxonomy":"product_cat","embeddable":true,"href":"https:\/\/www.greenworldadventures.com\/es\/wp-json\/wp\/v2\/product_cat?post=1071"},{"taxonomy":"product_tag","embeddable":true,"href":"https:\/\/www.greenworldadventures.com\/es\/wp-json\/wp\/v2\/product_tag?post=1071"}],"curies":[{"name":"wp","href":"https:\/\/api.w.org\/{rel}","templated":true}]}}