{"id":1089,"date":"2020-09-24T23:20:03","date_gmt":"2020-09-25T05:20:03","guid":{"rendered":"https:\/\/gwa.pxdev1.com\/?post_type=product&#038;p=1089"},"modified":"2025-11-04T09:35:01","modified_gmt":"2025-11-04T15:35:01","slug":"costa-rica-off-the-beaten-path-treasures-15-days-14-nights","status":"publish","type":"product","link":"https:\/\/www.greenworldadventures.com\/es\/product\/costa-rica-off-the-beaten-path-treasures-15-days-14-nights\/","title":{"rendered":"Tesoros Escondidos y \u00danicos de Costa Rica (15 d\u00edas &amp; 14 noches)."},"content":{"rendered":"<p><\/p>\n<p align=\"justify\"><span lang=\"es-CR\">Costa Rica es un pa\u00eds lleno de verdaderos tesoros, riquezas naturales, y destinos maravillosos. Los tesoros siempre est\u00e1n ocultos en lugares \u00fanicos, rodeados de los bosques m\u00e1s frondosos, monta\u00f1as, playas paradisiacas, y las comunidades que protegen estos tesoros en Costa Rica son completamente amables, humildes, y les encanta recibir visitantes. Este viaje en veh\u00edculo rentado te da la oportunidad de visitar estos destinos completamente fuera de lo com\u00fan, pero que son verdaderos tesoros de este pa\u00eds tropical. <\/span><\/p>\n<p><\/p>","protected":false},"excerpt":{"rendered":"<p align=\"justify\"><span lang=\"es-CR\">Costa Rica es un pa\u00eds lleno de verdaderos tesoros, riquezas naturales, y destinos maravillosos.<\/span><\/p>\n","protected":false},"featured_media":1511,"comment_status":"open","ping_status":"closed","template":"","meta":[],"product_cat":[17,20,19],"product_tag":[70,73,72,64,71,115,76,74,75,77],"acf":[],"_links":{"self":[{"href":"https:\/\/www.greenworldadventures.com\/es\/wp-json\/wp\/v2\/product\/1089"}],"collection":[{"href":"https:\/\/www.greenworldadventures.com\/es\/wp-json\/wp\/v2\/product"}],"about":[{"href":"https:\/\/www.greenworldadventures.com\/es\/wp-json\/wp\/v2\/types\/product"}],"replies":[{"embeddable":true,"href":"https:\/\/www.greenworldadventures.com\/es\/wp-json\/wp\/v2\/comments?post=1089"}],"wp:featuredmedia":[{"embeddable":true,"href":"https:\/\/www.greenworldadventures.com\/es\/wp-json\/wp\/v2\/media\/1511"}],"wp:attachment":[{"href":"https:\/\/www.greenworldadventures.com\/es\/wp-json\/wp\/v2\/media?parent=1089"}],"wp:term":[{"taxonomy":"product_cat","embeddable":true,"href":"https:\/\/www.greenworldadventures.com\/es\/wp-json\/wp\/v2\/product_cat?post=1089"},{"taxonomy":"product_tag","embeddable":true,"href":"https:\/\/www.greenworldadventures.com\/es\/wp-json\/wp\/v2\/product_tag?post=1089"}],"curies":[{"name":"wp","href":"https:\/\/api.w.org\/{rel}","templated":true}]}}