{"id":1093,"date":"2020-09-24T23:41:12","date_gmt":"2020-09-25T05:41:12","guid":{"rendered":"https:\/\/gwa.pxdev1.com\/?post_type=product&#038;p=1093"},"modified":"2025-11-27T10:20:17","modified_gmt":"2025-11-27T16:20:17","slug":"eco-adventure-trip-in-costa-rica-9-days-8-nights","status":"publish","type":"product","link":"https:\/\/www.greenworldadventures.com\/es\/product\/eco-adventure-trip-in-costa-rica-9-days-8-nights\/","title":{"rendered":"Eco Aventura en Costa Rica (9 d\u00edas y 8 noches)."},"content":{"rendered":"<p><span lang=\"es-CR\">\u00bfEst\u00e1s listo para una gran aventura? Este viaje incluye las actividades m\u00e1s memorables en Costa Rica: prep\u00e1rate para conquistar los r\u00e1pidos del R\u00edo Pacuare (uno de los 10 mejores r\u00edos en el mundo para el rafting), realizar\u00e1s senderismo en el bosque lluvioso, descender\u00e1s cataratas por medio de rapel, disfruta una inolvidable cabalgata en el bosque nuboso, vuela a trav\u00e9s del dosel de los \u00e1rboles, y finaliza en la hermosa Playa S\u00e1mara. \u00a1Esta es la mejor aventura de tu vida!<\/span><\/p>","protected":false},"excerpt":{"rendered":"<p>\u00bfEst\u00e1s listo para esta gran aventura? Este viaje incluye las actividades m\u00e1s memorables en Costa Rica.<\/p>\n","protected":false},"featured_media":1542,"comment_status":"open","ping_status":"closed","template":"","meta":[],"product_cat":[18,19,22],"product_tag":[78,82,65,84,79,80,66,68,81,86,83,85],"acf":[],"_links":{"self":[{"href":"https:\/\/www.greenworldadventures.com\/es\/wp-json\/wp\/v2\/product\/1093"}],"collection":[{"href":"https:\/\/www.greenworldadventures.com\/es\/wp-json\/wp\/v2\/product"}],"about":[{"href":"https:\/\/www.greenworldadventures.com\/es\/wp-json\/wp\/v2\/types\/product"}],"replies":[{"embeddable":true,"href":"https:\/\/www.greenworldadventures.com\/es\/wp-json\/wp\/v2\/comments?post=1093"}],"wp:featuredmedia":[{"embeddable":true,"href":"https:\/\/www.greenworldadventures.com\/es\/wp-json\/wp\/v2\/media\/1542"}],"wp:attachment":[{"href":"https:\/\/www.greenworldadventures.com\/es\/wp-json\/wp\/v2\/media?parent=1093"}],"wp:term":[{"taxonomy":"product_cat","embeddable":true,"href":"https:\/\/www.greenworldadventures.com\/es\/wp-json\/wp\/v2\/product_cat?post=1093"},{"taxonomy":"product_tag","embeddable":true,"href":"https:\/\/www.greenworldadventures.com\/es\/wp-json\/wp\/v2\/product_tag?post=1093"}],"curies":[{"name":"wp","href":"https:\/\/api.w.org\/{rel}","templated":true}]}}