{"id":1095,"date":"2020-09-24T23:58:28","date_gmt":"2020-09-25T05:58:28","guid":{"rendered":"https:\/\/gwa.pxdev1.com\/?post_type=product&#038;p=1095"},"modified":"2025-11-27T10:51:35","modified_gmt":"2025-11-27T16:51:35","slug":"family-vacations-in-costa-rica-6-days-5-nights","status":"publish","type":"product","link":"https:\/\/www.greenworldadventures.com\/es\/product\/family-vacations-in-costa-rica-6-days-5-nights\/","title":{"rendered":"Vacaciones Familiares en Costa Rica (6 d\u00edas y 5 noches)."},"content":{"rendered":"<p><span lang=\"es-CR\">Costa Rica es un destino perfecto para visitar con su pareja o con toda su familia. Este pa\u00eds tiene playas paradisiacas, hermosos paisajes de monta\u00f1a, volcanes, y mucho m\u00e1s; y tendr\u00e1s la posibilidad de ver todo esto en este viaje. En este tour de 6 d\u00edas, visitar\u00e1s el Volc\u00e1n Arenal, uno de los bosques lluviosos m\u00e1s desarrollado en Costa Rica, seguidamente, tendr\u00e1s la oportunidad de visitar playa S\u00e1mara, rodeada de un bosque tropical rico en flora en fauna. Adem\u00e1s, este programa incluye hoteles categor\u00eda Est\u00e1ndar (3 estrellas), con el mejor servicio, y excelentes amenidades en sus propiedades. \u00a1Lo mejor para ti y tu familia!<\/span><\/p>","protected":false},"excerpt":{"rendered":"<p><span lang=\"es-CR\">Costa Rica es un destino perfecto para visitar con su pareja o con toda su familia. Este pa\u00eds tiene playas paradisiacas, hermosos paisajes de monta\u00f1a, volcanes, y mucho m\u00e1s; y tendr\u00e1s la posibilidad de ver todo esto en este viaje. <\/span><\/p>\n","protected":false},"featured_media":1557,"comment_status":"open","ping_status":"closed","template":"","meta":[],"product_cat":[17,19],"product_tag":[63,65,88,87,81],"acf":[],"_links":{"self":[{"href":"https:\/\/www.greenworldadventures.com\/es\/wp-json\/wp\/v2\/product\/1095"}],"collection":[{"href":"https:\/\/www.greenworldadventures.com\/es\/wp-json\/wp\/v2\/product"}],"about":[{"href":"https:\/\/www.greenworldadventures.com\/es\/wp-json\/wp\/v2\/types\/product"}],"replies":[{"embeddable":true,"href":"https:\/\/www.greenworldadventures.com\/es\/wp-json\/wp\/v2\/comments?post=1095"}],"wp:featuredmedia":[{"embeddable":true,"href":"https:\/\/www.greenworldadventures.com\/es\/wp-json\/wp\/v2\/media\/1557"}],"wp:attachment":[{"href":"https:\/\/www.greenworldadventures.com\/es\/wp-json\/wp\/v2\/media?parent=1095"}],"wp:term":[{"taxonomy":"product_cat","embeddable":true,"href":"https:\/\/www.greenworldadventures.com\/es\/wp-json\/wp\/v2\/product_cat?post=1095"},{"taxonomy":"product_tag","embeddable":true,"href":"https:\/\/www.greenworldadventures.com\/es\/wp-json\/wp\/v2\/product_tag?post=1095"}],"curies":[{"name":"wp","href":"https:\/\/api.w.org\/{rel}","templated":true}]}}