{"id":1096,"date":"2020-09-25T00:17:10","date_gmt":"2020-09-25T06:17:10","guid":{"rendered":"https:\/\/gwa.pxdev1.com\/?post_type=product&#038;p=1096"},"modified":"2025-11-04T10:13:47","modified_gmt":"2025-11-04T16:13:47","slug":"luxury-adventure-in-costa-rica-11-days-10-nights","status":"publish","type":"product","link":"https:\/\/www.greenworldadventures.com\/es\/product\/luxury-adventure-in-costa-rica-11-days-10-nights\/","title":{"rendered":"Lujo &amp; Aventura en Costa Rica (11 d\u00edas y 10 noches)."},"content":{"rendered":"<p><\/p>\n<p align=\"justify\"><span lang=\"es-CR\">Aventura y lujo combinados en un s\u00f3lo tour, con esta expedici\u00f3n de lujo en Costa Rica se hospedar\u00e1 en los mejores hoteles boutique y tendr\u00e1 las m\u00e1s emocionantes actividades de aventura y naturaleza. Visitar\u00e1n lugares como el R\u00edo Pacuare, las playas de arena blanca de Manuel Antonio, el Volc\u00e1n Arenal y el denso bosque del Parque Nacional Corcovado.<\/span><\/p>\n<p><\/p>","protected":false},"excerpt":{"rendered":"<p align=\"justify\"><span lang=\"es-CR\">Aventura y lujo combinados en un s\u00f3lo tour, con esta expedici\u00f3n de lujo en Costa Rica se hospedar\u00e1 en los mejores hoteles boutique y tendr\u00e1 las m\u00e1s emocionantes actividades de aventura y naturaleza.<\/span><\/p>\n","protected":false},"featured_media":1986,"comment_status":"open","ping_status":"closed","template":"","meta":[],"product_cat":[18,19,22],"product_tag":[90,82,65,92,95,64,91,94,96,93,83,85],"acf":[],"_links":{"self":[{"href":"https:\/\/www.greenworldadventures.com\/es\/wp-json\/wp\/v2\/product\/1096"}],"collection":[{"href":"https:\/\/www.greenworldadventures.com\/es\/wp-json\/wp\/v2\/product"}],"about":[{"href":"https:\/\/www.greenworldadventures.com\/es\/wp-json\/wp\/v2\/types\/product"}],"replies":[{"embeddable":true,"href":"https:\/\/www.greenworldadventures.com\/es\/wp-json\/wp\/v2\/comments?post=1096"}],"wp:featuredmedia":[{"embeddable":true,"href":"https:\/\/www.greenworldadventures.com\/es\/wp-json\/wp\/v2\/media\/1986"}],"wp:attachment":[{"href":"https:\/\/www.greenworldadventures.com\/es\/wp-json\/wp\/v2\/media?parent=1096"}],"wp:term":[{"taxonomy":"product_cat","embeddable":true,"href":"https:\/\/www.greenworldadventures.com\/es\/wp-json\/wp\/v2\/product_cat?post=1096"},{"taxonomy":"product_tag","embeddable":true,"href":"https:\/\/www.greenworldadventures.com\/es\/wp-json\/wp\/v2\/product_tag?post=1096"}],"curies":[{"name":"wp","href":"https:\/\/api.w.org\/{rel}","templated":true}]}}