{"id":1099,"date":"2020-09-25T00:47:33","date_gmt":"2020-09-25T06:47:33","guid":{"rendered":"https:\/\/gwa.pxdev1.com\/?post_type=product&#038;p=1099"},"modified":"2025-11-03T15:28:59","modified_gmt":"2025-11-03T21:28:59","slug":"the-north-pacific-of-costa-rica-mountains-beaches-7-days-6-nights","status":"publish","type":"product","link":"https:\/\/www.greenworldadventures.com\/es\/product\/the-north-pacific-of-costa-rica-mountains-beaches-7-days-6-nights\/","title":{"rendered":"El Pac\u00edfico Norte de Costa Rica: Monta\u00f1as y Playas (7 d\u00edas y 6 noches)."},"content":{"rendered":"<p><span lang=\"es-CR\">El Pac\u00edfico Norte de Costa Rica es un acceso predilecto para visitar volcanes, monta\u00f1as, playas, y descubrir la \u00fanica cultura Costarricense. Este viaje inicia en el Aeropuerto Internacional Daniel Oduber (LIR), ubicado a 30 minutes de la playa y a 30 minutes del principal volc\u00e1n de esta zona. Experimenta la cultura local, disfruta de aventuras \u00fanicas y rel\u00e1jate con la brisa del mar. Este es un grandioso viaje para parejas, familias o grupos de amigos. <\/span><\/p>","protected":false},"excerpt":{"rendered":"<p><span lang=\"es-CR\">El Pac\u00edfico Norte de Costa Rica es un acceso predilecto para visitar volcanes, monta\u00f1as, playas, y descubrir la \u00fanica cultura Costarricense. <\/span><\/p>\n","protected":false},"featured_media":1962,"comment_status":"open","ping_status":"closed","template":"","meta":[],"product_cat":[17,19],"product_tag":[97,103,87,104,105,107,106,85],"acf":[],"_links":{"self":[{"href":"https:\/\/www.greenworldadventures.com\/es\/wp-json\/wp\/v2\/product\/1099"}],"collection":[{"href":"https:\/\/www.greenworldadventures.com\/es\/wp-json\/wp\/v2\/product"}],"about":[{"href":"https:\/\/www.greenworldadventures.com\/es\/wp-json\/wp\/v2\/types\/product"}],"replies":[{"embeddable":true,"href":"https:\/\/www.greenworldadventures.com\/es\/wp-json\/wp\/v2\/comments?post=1099"}],"wp:featuredmedia":[{"embeddable":true,"href":"https:\/\/www.greenworldadventures.com\/es\/wp-json\/wp\/v2\/media\/1962"}],"wp:attachment":[{"href":"https:\/\/www.greenworldadventures.com\/es\/wp-json\/wp\/v2\/media?parent=1099"}],"wp:term":[{"taxonomy":"product_cat","embeddable":true,"href":"https:\/\/www.greenworldadventures.com\/es\/wp-json\/wp\/v2\/product_cat?post=1099"},{"taxonomy":"product_tag","embeddable":true,"href":"https:\/\/www.greenworldadventures.com\/es\/wp-json\/wp\/v2\/product_tag?post=1099"}],"curies":[{"name":"wp","href":"https:\/\/api.w.org\/{rel}","templated":true}]}}