{"id":1100,"date":"2020-09-25T00:52:36","date_gmt":"2020-09-25T06:52:36","guid":{"rendered":"https:\/\/gwa.pxdev1.com\/?post_type=product&#038;p=1100"},"modified":"2025-11-03T14:31:01","modified_gmt":"2025-11-03T20:31:01","slug":"two-natural-treasures-of-costa-rica-arenal-volcano-monteverde-cloud-forest-7-days-6-nights","status":"publish","type":"product","link":"https:\/\/www.greenworldadventures.com\/es\/product\/two-natural-treasures-of-costa-rica-arenal-volcano-monteverde-cloud-forest-7-days-6-nights\/","title":{"rendered":"Dos Tesoros Naturales de Costa Rica: Volc\u00e1n Arenal y Bosque Nuboso Monteverde (7 d\u00edas y 6 noches)."},"content":{"rendered":"<p><\/p>\n<p align=\"justify\"><span lang=\"es-CR\">Este viaje de 7 d\u00edas es ideal para amantes de la naturaleza. El Volc\u00e1n Arenal es un destino de monta\u00f1a altamente desarrollado, donde vas a experimentar la mejor aventura en el bosque lluvioso. Cuando piensas en un bosque m\u00e1gico y m\u00edstico, Monteverde es ese lugar en el que est\u00e1s imaginando; un pueblo peque\u00f1o pero con muchas actividades de aventura y ecoturismo. Disfruta de este corto paseo con tu familia, amigos, o por tu propia cuenta. <\/span><\/p>\n<p><\/p>","protected":false},"excerpt":{"rendered":"<p>Este viaje de 7 d\u00edas es ideal para amantes de la naturaleza. El Volc\u00e1n Arenal es un destino de monta\u00f1a altamente desarrollado, donde vas a experimentar la mejor aventura en el bosque lluvioso. Cuando piensas en un bosque m\u00e1gico y m\u00edstico, Monteverde es ese lugar en el que est\u00e1s imaginando.<\/p>\n","protected":false},"featured_media":1956,"comment_status":"open","ping_status":"closed","template":"","meta":[],"product_cat":[17,19,22],"product_tag":[101,65,100,64,98,66,68,99,102],"acf":[],"_links":{"self":[{"href":"https:\/\/www.greenworldadventures.com\/es\/wp-json\/wp\/v2\/product\/1100"}],"collection":[{"href":"https:\/\/www.greenworldadventures.com\/es\/wp-json\/wp\/v2\/product"}],"about":[{"href":"https:\/\/www.greenworldadventures.com\/es\/wp-json\/wp\/v2\/types\/product"}],"replies":[{"embeddable":true,"href":"https:\/\/www.greenworldadventures.com\/es\/wp-json\/wp\/v2\/comments?post=1100"}],"wp:featuredmedia":[{"embeddable":true,"href":"https:\/\/www.greenworldadventures.com\/es\/wp-json\/wp\/v2\/media\/1956"}],"wp:attachment":[{"href":"https:\/\/www.greenworldadventures.com\/es\/wp-json\/wp\/v2\/media?parent=1100"}],"wp:term":[{"taxonomy":"product_cat","embeddable":true,"href":"https:\/\/www.greenworldadventures.com\/es\/wp-json\/wp\/v2\/product_cat?post=1100"},{"taxonomy":"product_tag","embeddable":true,"href":"https:\/\/www.greenworldadventures.com\/es\/wp-json\/wp\/v2\/product_tag?post=1100"}],"curies":[{"name":"wp","href":"https:\/\/api.w.org\/{rel}","templated":true}]}}