{"id":1101,"date":"2020-09-25T00:58:16","date_gmt":"2020-09-25T06:58:16","guid":{"rendered":"https:\/\/gwa.pxdev1.com\/?post_type=product&#038;p=1101"},"modified":"2025-11-04T11:07:13","modified_gmt":"2025-11-04T17:07:13","slug":"coast-to-coast-trip-the-highlights-of-costa-rica-13-days-12-nights","status":"publish","type":"product","link":"https:\/\/www.greenworldadventures.com\/es\/product\/coast-to-coast-trip-the-highlights-of-costa-rica-13-days-12-nights\/","title":{"rendered":"Viaje de Costa a Costa, Los Mejores Atractivos de Costa Rica (13 d\u00edas y 12 noches)"},"content":{"rendered":"<p><span lang=\"es-CR\">Costa Rica es un pa\u00eds rico en biodiversidad, cultura, atractivos; y todo esto le tendr\u00e1s en un mismo viajes: En este programa de viaje vas a visitar los destinos m\u00e1s populares de toda Costa Rica. Prep\u00e1rate para explorar la selva de Tortuguero, visitar\u00e1s la costa dorada de Playa Puerto Viejo, conquistar\u00e1s los r\u00e1pidos del R\u00edo Pacuare, disfruta de la aventuras alrededor del Volc\u00e1n Arenal, recorre el m\u00e1gico bosque nuboso de Monteverde, y finaliza tu viaje en el para\u00edso natural de Playa Manuel Antonio. Adicionalmente, este tour incluye las mejores actividades en cada destino, garantizando las vacaciones perfectas para ti. <\/span><\/p>","protected":false},"excerpt":{"rendered":"<p><span lang=\"es-CR\">Costa Rica es un pa\u00eds rico en biodiversidad, cultura, atractivos; y todo esto le tendr\u00e1s en un mismo viajes: En este programa de viaje vas a visitar los destinos m\u00e1s populares de toda Costa Rica.<\/span><\/p>\n","protected":false},"featured_media":1524,"comment_status":"open","ping_status":"closed","template":"","meta":[],"product_cat":[20,19,22],"product_tag":[108,82,65,113,100,109,110,94,66,96,114,112,99,111],"acf":[],"_links":{"self":[{"href":"https:\/\/www.greenworldadventures.com\/es\/wp-json\/wp\/v2\/product\/1101"}],"collection":[{"href":"https:\/\/www.greenworldadventures.com\/es\/wp-json\/wp\/v2\/product"}],"about":[{"href":"https:\/\/www.greenworldadventures.com\/es\/wp-json\/wp\/v2\/types\/product"}],"replies":[{"embeddable":true,"href":"https:\/\/www.greenworldadventures.com\/es\/wp-json\/wp\/v2\/comments?post=1101"}],"wp:featuredmedia":[{"embeddable":true,"href":"https:\/\/www.greenworldadventures.com\/es\/wp-json\/wp\/v2\/media\/1524"}],"wp:attachment":[{"href":"https:\/\/www.greenworldadventures.com\/es\/wp-json\/wp\/v2\/media?parent=1101"}],"wp:term":[{"taxonomy":"product_cat","embeddable":true,"href":"https:\/\/www.greenworldadventures.com\/es\/wp-json\/wp\/v2\/product_cat?post=1101"},{"taxonomy":"product_tag","embeddable":true,"href":"https:\/\/www.greenworldadventures.com\/es\/wp-json\/wp\/v2\/product_tag?post=1101"}],"curies":[{"name":"wp","href":"https:\/\/api.w.org\/{rel}","templated":true}]}}