{"id":1102,"date":"2020-09-25T01:09:37","date_gmt":"2020-09-25T07:09:37","guid":{"rendered":"https:\/\/gwa.pxdev1.com\/?post_type=product&#038;p=1102"},"modified":"2025-11-27T11:42:36","modified_gmt":"2025-11-27T17:42:36","slug":"luxury-escape-to-the-golden-coast-of-costa-rica-5-days-4-nights","status":"publish","type":"product","link":"https:\/\/www.greenworldadventures.com\/es\/product\/luxury-escape-to-the-golden-coast-of-costa-rica-5-days-4-nights\/","title":{"rendered":"Escape de Lujo a la Costa Dorada Costarricense (5 d\u00edas y 4 noches)."},"content":{"rendered":"<p><span lang=\"es-CR\">Este exclusivo programa de viaje de 5 d\u00edas es el escape de lujo perfecto a la costa dorada de Guanacaste, Costa Rica. Siempre tendr\u00e1 lo mejor con GWA, por esta raz\u00f3n, incluimos dos destinos \u00fanicos para hacer de este viaje unas vacaciones inolvidables. El R\u00edo Celeste es un bosque nuboso m\u00e1gico, ubicado cerca del Volc\u00e1n Tenorio. Playa Tamarindo es una playa paradis\u00edaca. \u00a1Esta es la escapada perfecta para ti! <\/span><\/p>","protected":false},"excerpt":{"rendered":"<p><span lang=\"es-CR\">Este exclusivo programa de viaje de 5 d\u00edas es el escape de lujo perfecto a la costa dorada de Guanacaste, Costa Rica. Siempre tendr\u00e1 lo mejor con GWA, por esta raz\u00f3n, incluimos dos destinos \u00fanicos para hacer de este viaje unas vacaciones inolvidables. <\/span><\/p>\n","protected":false},"featured_media":12363,"comment_status":"open","ping_status":"closed","template":"","meta":[],"product_cat":[17,19],"product_tag":[101,92,64,116,104,91,114,115,106,102],"acf":[],"_links":{"self":[{"href":"https:\/\/www.greenworldadventures.com\/es\/wp-json\/wp\/v2\/product\/1102"}],"collection":[{"href":"https:\/\/www.greenworldadventures.com\/es\/wp-json\/wp\/v2\/product"}],"about":[{"href":"https:\/\/www.greenworldadventures.com\/es\/wp-json\/wp\/v2\/types\/product"}],"replies":[{"embeddable":true,"href":"https:\/\/www.greenworldadventures.com\/es\/wp-json\/wp\/v2\/comments?post=1102"}],"wp:featuredmedia":[{"embeddable":true,"href":"https:\/\/www.greenworldadventures.com\/es\/wp-json\/wp\/v2\/media\/12363"}],"wp:attachment":[{"href":"https:\/\/www.greenworldadventures.com\/es\/wp-json\/wp\/v2\/media?parent=1102"}],"wp:term":[{"taxonomy":"product_cat","embeddable":true,"href":"https:\/\/www.greenworldadventures.com\/es\/wp-json\/wp\/v2\/product_cat?post=1102"},{"taxonomy":"product_tag","embeddable":true,"href":"https:\/\/www.greenworldadventures.com\/es\/wp-json\/wp\/v2\/product_tag?post=1102"}],"curies":[{"name":"wp","href":"https:\/\/api.w.org\/{rel}","templated":true}]}}