{"id":11555,"date":"2025-05-12T13:52:13","date_gmt":"2025-05-12T19:52:13","guid":{"rendered":"https:\/\/www.greenworldadventures.com\/?post_type=product&#038;p=11555"},"modified":"2026-01-28T15:59:53","modified_gmt":"2026-01-28T21:59:53","slug":"costa-rica-quest-12-days-11-nights","status":"publish","type":"product","link":"https:\/\/www.greenworldadventures.com\/es\/product\/costa-rica-quest-12-days-11-nights\/","title":{"rendered":"B\u00fasqueda del Tesoro en Costa Rica (12 d\u00edas &amp; 11 noches)"},"content":{"rendered":"<p><\/p>\n<p align=\"justify\">\u00bfListo para una aventura inolvidable en Costa Rica? \u00a1Prep\u00e1rate para una aventura inolvidable en estos 12 d\u00edas, llena de naturaleza exuberante, emociones fuertes y encanto cultural! Vive la emoci\u00f3n de los R\u00e1pidos en el R\u00edo Pacuare, camina por exuberantes selvas tropicales, desciende impresionantes cascadas cerca del Volc\u00e1n Arenal y disfruta de un tranquilo paseo a caballo por el bosque nuboso de Monteverde. Vuela por encima de las copas de los \u00e1rboles con una incre\u00edble tirolesa y luego rel\u00e1jate en la serena Playa Samara. Este es el viaje perfecto para quienes buscan una combinaci\u00f3n de emoci\u00f3n y belleza natural. Con hoteles acogedores, gu\u00edas expertos y traslados incluidos, esta es la combinaci\u00f3n perfecta de aventura y relajaci\u00f3n en el para\u00edso. \u00a1Deja que Costa Rica te cautive!<\/p>\n<p><\/p>","protected":false},"excerpt":{"rendered":"<p align=\"justify\">\u00a1Prep\u00e1rate para una aventura inolvidable en Costa Rica, llena de naturaleza exuberante, emociones fuertes y encanto cultural! Este viaje de 12 d\u00edas te llevar\u00e1 desde las vibrantes calles de San Jos\u00e9 hasta el bosque nuboso de Monteverde, donde explorar\u00e1s los puentes colgantes, pasear\u00e1s a caballo con vistas impresionantes y volar\u00e1s por los \u00e1rboles en emocionantes tirolesas. Luego, descubrir\u00e1s las maravillas naturales del Volc\u00e1n Arenal; realizaremos canyoning, caminatas junto al volc\u00e1n y tendr\u00e1s un merecido descanso en las aguas termales naturales. Para cerrar con broche de oro, vivir\u00e1s la mejor experiencia de rafting en el majestuoso r\u00edo Pacuare. Con hoteles acogedores, gu\u00edas expertos y traslados incluidos, esta es la combinaci\u00f3n perfecta de aventura y relajaci\u00f3n en el para\u00edso.<\/p>\n","protected":false},"featured_media":8078,"comment_status":"open","ping_status":"closed","template":"","meta":[],"product_cat":[18,19,22],"product_tag":[82,65,236,84,100,64,79,98,237,66,99,238,83,85],"acf":[],"_links":{"self":[{"href":"https:\/\/www.greenworldadventures.com\/es\/wp-json\/wp\/v2\/product\/11555"}],"collection":[{"href":"https:\/\/www.greenworldadventures.com\/es\/wp-json\/wp\/v2\/product"}],"about":[{"href":"https:\/\/www.greenworldadventures.com\/es\/wp-json\/wp\/v2\/types\/product"}],"replies":[{"embeddable":true,"href":"https:\/\/www.greenworldadventures.com\/es\/wp-json\/wp\/v2\/comments?post=11555"}],"wp:featuredmedia":[{"embeddable":true,"href":"https:\/\/www.greenworldadventures.com\/es\/wp-json\/wp\/v2\/media\/8078"}],"wp:attachment":[{"href":"https:\/\/www.greenworldadventures.com\/es\/wp-json\/wp\/v2\/media?parent=11555"}],"wp:term":[{"taxonomy":"product_cat","embeddable":true,"href":"https:\/\/www.greenworldadventures.com\/es\/wp-json\/wp\/v2\/product_cat?post=11555"},{"taxonomy":"product_tag","embeddable":true,"href":"https:\/\/www.greenworldadventures.com\/es\/wp-json\/wp\/v2\/product_tag?post=11555"}],"curies":[{"name":"wp","href":"https:\/\/api.w.org\/{rel}","templated":true}]}}