{"id":11657,"date":"2025-05-19T12:08:25","date_gmt":"2025-05-19T18:08:25","guid":{"rendered":"https:\/\/www.greenworldadventures.com\/?post_type=product&#038;p=11657"},"modified":"2025-11-04T10:42:59","modified_gmt":"2025-11-04T16:42:59","slug":"from-the-caribbean-to-the-pacific-13-days-12-nights","status":"publish","type":"product","link":"https:\/\/www.greenworldadventures.com\/es\/product\/from-the-caribbean-to-the-pacific-13-days-12-nights\/","title":{"rendered":"Del Caribe al Pac\u00edfico Costarricense (13 d\u00edas y 12 noches)"},"content":{"rendered":"<p>Esta aventura de 13 d\u00edas en Costa Rica ofrece una combinaci\u00f3n de naturaleza, vida silvestre y relajaci\u00f3n. Desde explorar selvas tropicales y volcanes hasta disfrutar de tiempo en la playa y actividades emocionantes como rafting y tirolesa, proporciona una mezcla perfecta de emoci\u00f3n y tranquilidad. Vivir\u00e1s la rica biodiversidad, paisajes impresionantes y la cultura vibrante del pa\u00eds.<\/p>","protected":false},"excerpt":{"rendered":"<p>Esta aventura de 13 d\u00edas en Costa Rica ofrece una combinaci\u00f3n de naturaleza, vida silvestre y relajaci\u00f3n. Desde explorar selvas tropicales y volcanes hasta disfrutar de tiempo en la playa y actividades emocionantes como rafting y tirolesa, proporciona una mezcla perfecta de emoci\u00f3n y tranquilidad. Vivir\u00e1s la rica biodiversidad, paisajes impresionantes y la cultura vibrante del pa\u00eds.<\/p>\n","protected":false},"featured_media":1981,"comment_status":"open","ping_status":"closed","template":"","meta":[],"product_cat":[20,19,22],"product_tag":[108,65,113,100,109,110,66,96,114,112,99,258,81,111],"acf":[],"_links":{"self":[{"href":"https:\/\/www.greenworldadventures.com\/es\/wp-json\/wp\/v2\/product\/11657"}],"collection":[{"href":"https:\/\/www.greenworldadventures.com\/es\/wp-json\/wp\/v2\/product"}],"about":[{"href":"https:\/\/www.greenworldadventures.com\/es\/wp-json\/wp\/v2\/types\/product"}],"replies":[{"embeddable":true,"href":"https:\/\/www.greenworldadventures.com\/es\/wp-json\/wp\/v2\/comments?post=11657"}],"wp:featuredmedia":[{"embeddable":true,"href":"https:\/\/www.greenworldadventures.com\/es\/wp-json\/wp\/v2\/media\/1981"}],"wp:attachment":[{"href":"https:\/\/www.greenworldadventures.com\/es\/wp-json\/wp\/v2\/media?parent=11657"}],"wp:term":[{"taxonomy":"product_cat","embeddable":true,"href":"https:\/\/www.greenworldadventures.com\/es\/wp-json\/wp\/v2\/product_cat?post=11657"},{"taxonomy":"product_tag","embeddable":true,"href":"https:\/\/www.greenworldadventures.com\/es\/wp-json\/wp\/v2\/product_tag?post=11657"}],"curies":[{"name":"wp","href":"https:\/\/api.w.org\/{rel}","templated":true}]}}