{"id":12444,"date":"2025-11-20T12:15:11","date_gmt":"2025-11-20T18:15:11","guid":{"rendered":"https:\/\/www.greenworldadventures.com\/?post_type=product&#038;p=12444"},"modified":"2026-03-12T09:54:15","modified_gmt":"2026-03-12T15:54:15","slug":"pura-vida-moments-7-days-6-nights","status":"publish","type":"product","link":"https:\/\/www.greenworldadventures.com\/es\/product\/pura-vida-moments-7-days-6-nights\/","title":{"rendered":"Momentos Pura Vida (7 d\u00edas y 6 noches)"},"content":{"rendered":"<p>\u00a1Tu viaje por Costa Rica, incluso en pocos d\u00edas, te permite vivir Momentos Pura Vida tanto en la playa como en la monta\u00f1a! En <strong data-start=\"233\" data-end=\"242\">Uvita<\/strong> disfrutar\u00e1s de playas espectaculares, el Parque Marino Ballena y actividades como snorkel, kayak y visitas a cascadas, perfectas para conectar con la naturaleza. Luego, al subir a la <strong data-start=\"426\" data-end=\"448\">Zona de los Santos<\/strong>, llegar\u00e1s a un ambiente fresco rodeado de cafetales, miradores y bosques nubosos, donde cada paisaje tambi\u00e9n se convierte en un aut\u00e9ntico momento Pura Vida.<br data-start=\"605\" data-end=\"608\" \/><strong>\u00a1Una ruta que une lo mejor del mar y la monta\u00f1a en una experiencia inolvidable!<\/strong><\/p>","protected":false},"excerpt":{"rendered":"<p>Tu viaje por Costa Rica, aunque sea solo por unos d\u00edas, te permite disfrutar de <strong>Momentos Pura<\/strong> <strong>Vida<\/strong> tanto en la playa como en las frescas regiones monta\u00f1osas. <strong>\u00a1Uvita y la zona de Los Santos, una ruta que re\u00fane lo mejor en una experiencia inolvidable!<\/strong><\/p>\n","protected":false},"featured_media":8010,"comment_status":"open","ping_status":"closed","template":"","meta":[],"product_cat":[18,19,22],"product_tag":[262,79,259,68,261,77,260],"acf":[],"_links":{"self":[{"href":"https:\/\/www.greenworldadventures.com\/es\/wp-json\/wp\/v2\/product\/12444"}],"collection":[{"href":"https:\/\/www.greenworldadventures.com\/es\/wp-json\/wp\/v2\/product"}],"about":[{"href":"https:\/\/www.greenworldadventures.com\/es\/wp-json\/wp\/v2\/types\/product"}],"replies":[{"embeddable":true,"href":"https:\/\/www.greenworldadventures.com\/es\/wp-json\/wp\/v2\/comments?post=12444"}],"wp:featuredmedia":[{"embeddable":true,"href":"https:\/\/www.greenworldadventures.com\/es\/wp-json\/wp\/v2\/media\/8010"}],"wp:attachment":[{"href":"https:\/\/www.greenworldadventures.com\/es\/wp-json\/wp\/v2\/media?parent=12444"}],"wp:term":[{"taxonomy":"product_cat","embeddable":true,"href":"https:\/\/www.greenworldadventures.com\/es\/wp-json\/wp\/v2\/product_cat?post=12444"},{"taxonomy":"product_tag","embeddable":true,"href":"https:\/\/www.greenworldadventures.com\/es\/wp-json\/wp\/v2\/product_tag?post=12444"}],"curies":[{"name":"wp","href":"https:\/\/api.w.org\/{rel}","templated":true}]}}