{"id":12472,"date":"2025-11-25T10:34:18","date_gmt":"2025-11-25T16:34:18","guid":{"rendered":"https:\/\/www.greenworldadventures.com\/?post_type=product&#038;p=12472"},"modified":"2026-03-18T13:58:36","modified_gmt":"2026-03-18T19:58:36","slug":"secrets-of-costa-rica-15-days-14-nights","status":"publish","type":"product","link":"https:\/\/www.greenworldadventures.com\/es\/product\/secrets-of-costa-rica-15-days-14-nights\/","title":{"rendered":"Secretos de Costa Rica (15 d\u00edas y 14 noches)"},"content":{"rendered":"<p><\/p>\n<p data-start=\"89\" data-end=\"639\"><strong>\u00bfListo para una aventura inolvidable por Costa Rica?<\/strong><br \/>\nRecorre selvas, monta\u00f1as y playas paradis\u00edacas en un auto rentado. Comienza en San Jos\u00e9 y ad\u00e9ntrate en la naturaleza de <strong>Boca Tapada<\/strong> con un tour en el bosque lluvioso, seguido de una caminata nocturna y un tour de chocolate en <strong>Sarapiqu\u00ed<\/strong>. Siente la adrenalina en <strong>Turrialba<\/strong> con barranquismo y tirolesa, y descubre al majestuoso quetzal en <strong>Los Santos<\/strong>. Luego, rel\u00e1jate en <strong>playa Uvita<\/strong> con un tour de kayak en el mar, y disfruta de d\u00edas libres para explorar la costa. Finalmente, regresa a San Jos\u00e9 para descansar y llevar contigo recuerdos inolvidables de un viaje lleno de naturaleza, cultura y libertad al volante.<\/p>\n<p><\/p>","protected":false},"excerpt":{"rendered":"<p data-start=\"90\" data-end=\"393\"><strong>\u00bfListo para una aventura inolvidable por Costa Rica?<\/strong><br \/>\nRecorre selvas, monta\u00f1as y playas paradis\u00edacas en un auto rentado. Comienza en San Jos\u00e9 y ad\u00e9ntrate en la naturaleza de <strong>Boca Tapada<\/strong> con un tour en el bosque lluvioso, seguido de una caminata nocturna y un tour de chocolate en <strong>Sarapiqu\u00ed<\/strong>. Siente la adrenalina en <strong>Turrialba<\/strong> con barranquismo y tirolesa, y descubre al majestuoso quetzal en <strong>Los Santos<\/strong>. Luego, rel\u00e1jate en <strong>playa Uvita<\/strong> con un tour de kayak por el mar, y disfruta de d\u00edas libres para explorar la costa. Finalmente, regresa a San Jos\u00e9 para descansar y llevar contigo recuerdos inolvidables de un viaje lleno de naturaleza, cultura y libertad al volante.<\/p>\n","protected":false},"featured_media":8010,"comment_status":"open","ping_status":"closed","template":"","meta":[],"product_cat":[18,19,22],"product_tag":[262,265,73,259,68,264,99,74,261,263,75,77,266],"acf":[],"_links":{"self":[{"href":"https:\/\/www.greenworldadventures.com\/es\/wp-json\/wp\/v2\/product\/12472"}],"collection":[{"href":"https:\/\/www.greenworldadventures.com\/es\/wp-json\/wp\/v2\/product"}],"about":[{"href":"https:\/\/www.greenworldadventures.com\/es\/wp-json\/wp\/v2\/types\/product"}],"replies":[{"embeddable":true,"href":"https:\/\/www.greenworldadventures.com\/es\/wp-json\/wp\/v2\/comments?post=12472"}],"wp:featuredmedia":[{"embeddable":true,"href":"https:\/\/www.greenworldadventures.com\/es\/wp-json\/wp\/v2\/media\/8010"}],"wp:attachment":[{"href":"https:\/\/www.greenworldadventures.com\/es\/wp-json\/wp\/v2\/media?parent=12472"}],"wp:term":[{"taxonomy":"product_cat","embeddable":true,"href":"https:\/\/www.greenworldadventures.com\/es\/wp-json\/wp\/v2\/product_cat?post=12472"},{"taxonomy":"product_tag","embeddable":true,"href":"https:\/\/www.greenworldadventures.com\/es\/wp-json\/wp\/v2\/product_tag?post=12472"}],"curies":[{"name":"wp","href":"https:\/\/api.w.org\/{rel}","templated":true}]}}