{"id":7967,"date":"2023-10-24T10:01:22","date_gmt":"2023-10-24T16:01:22","guid":{"rendered":"https:\/\/www.greenworldadventures.com\/?post_type=product&#038;p=7967"},"modified":"2025-11-05T15:18:15","modified_gmt":"2025-11-05T21:18:15","slug":"pura-vida-route-9-days-and-8-nights","status":"publish","type":"product","link":"https:\/\/www.greenworldadventures.com\/es\/product\/pura-vida-route-9-days-and-8-nights\/","title":{"rendered":"Ruta Pura Vida &#8211; Con Veh\u00edculo Rentado (9 d\u00edas y 8 noches)."},"content":{"rendered":"<p>Emb\u00e1rcate en una emocionante aventura por la hermosa Costa Rica con nuestro programa \u00abRuta Pura Vida\u00bb. Durante 9 d\u00edas, tendr\u00e1s la oportunidad de explorar la diversidad natural y cultural de este pa\u00eds, todo mientras disfrutas de la comodidad de un auto rentado. Puedes disfrutar desde caminatas en parques nacionales hasta relajantes d\u00edas en la playa, este programa tiene algo para todos los gustos.<\/p>","protected":false},"excerpt":{"rendered":"<p style=\"text-align: left\">Emb\u00e1rcate en una emocionante aventura por la hermosa Costa Rica con nuestro programa \u00abRuta Pura Vida\u00bb. Durante 9 d\u00edas, tendr\u00e1s la oportunidad de explorar la diversidad natural y cultural de este pa\u00eds, todo mientras disfrutas de la comodidad de un auto rentado. Puedes disfrutar desde caminatas en parques nacionales hasta relajantes d\u00edas en la playa, este programa tiene algo para todos los gustos.<\/p>\n","protected":false},"featured_media":8068,"comment_status":"open","ping_status":"closed","template":"","meta":[],"product_cat":[17,19,46],"product_tag":[],"acf":[],"_links":{"self":[{"href":"https:\/\/www.greenworldadventures.com\/es\/wp-json\/wp\/v2\/product\/7967"}],"collection":[{"href":"https:\/\/www.greenworldadventures.com\/es\/wp-json\/wp\/v2\/product"}],"about":[{"href":"https:\/\/www.greenworldadventures.com\/es\/wp-json\/wp\/v2\/types\/product"}],"replies":[{"embeddable":true,"href":"https:\/\/www.greenworldadventures.com\/es\/wp-json\/wp\/v2\/comments?post=7967"}],"wp:featuredmedia":[{"embeddable":true,"href":"https:\/\/www.greenworldadventures.com\/es\/wp-json\/wp\/v2\/media\/8068"}],"wp:attachment":[{"href":"https:\/\/www.greenworldadventures.com\/es\/wp-json\/wp\/v2\/media?parent=7967"}],"wp:term":[{"taxonomy":"product_cat","embeddable":true,"href":"https:\/\/www.greenworldadventures.com\/es\/wp-json\/wp\/v2\/product_cat?post=7967"},{"taxonomy":"product_tag","embeddable":true,"href":"https:\/\/www.greenworldadventures.com\/es\/wp-json\/wp\/v2\/product_tag?post=7967"}],"curies":[{"name":"wp","href":"https:\/\/api.w.org\/{rel}","templated":true}]}}