{"id":7980,"date":"2023-10-24T11:57:51","date_gmt":"2023-10-24T17:57:51","guid":{"rendered":"https:\/\/www.greenworldadventures.com\/?post_type=product&#038;p=7980"},"modified":"2025-11-05T14:18:32","modified_gmt":"2025-11-05T20:18:32","slug":"natural-adventure-15-days-and-14-nights","status":"publish","type":"product","link":"https:\/\/www.greenworldadventures.com\/es\/product\/natural-adventure-15-days-and-14-nights\/","title":{"rendered":"Aventura Natural &#8211; Con Veh\u00edculo Rentado (15 d\u00edas y 14 noches)."},"content":{"rendered":"<p>Descubre la belleza natural de Costa Rica en este viaje en auto rentado. Durante 15 d\u00edas, explorar\u00e1s la rica biodiversidad de Costa Rica, desde sus selvas tropicales hasta sus playas en el Pac\u00edfico Central, pasando por monta\u00f1as y paisajes impresionantes. Este programa te permitir\u00e1 sumergirte en la cultura costarricense mientras disfrutas de la libertad y flexibilidad que ofrece un auto rentado.<\/p>","protected":false},"excerpt":{"rendered":"<p>Descubre la belleza natural de Costa Rica en este viaje en auto rentado. Durante 15 d\u00edas, explorar\u00e1s la rica biodiversidad de Costa Rica, desde sus selvas tropicales hasta sus playas en el Pac\u00edfico Central, pasando por monta\u00f1as y paisajes impresionantes.<\/p>\n","protected":false},"featured_media":7989,"comment_status":"open","ping_status":"closed","template":"","meta":[],"product_cat":[18,20,19,46],"product_tag":[],"acf":[],"_links":{"self":[{"href":"https:\/\/www.greenworldadventures.com\/es\/wp-json\/wp\/v2\/product\/7980"}],"collection":[{"href":"https:\/\/www.greenworldadventures.com\/es\/wp-json\/wp\/v2\/product"}],"about":[{"href":"https:\/\/www.greenworldadventures.com\/es\/wp-json\/wp\/v2\/types\/product"}],"replies":[{"embeddable":true,"href":"https:\/\/www.greenworldadventures.com\/es\/wp-json\/wp\/v2\/comments?post=7980"}],"wp:featuredmedia":[{"embeddable":true,"href":"https:\/\/www.greenworldadventures.com\/es\/wp-json\/wp\/v2\/media\/7989"}],"wp:attachment":[{"href":"https:\/\/www.greenworldadventures.com\/es\/wp-json\/wp\/v2\/media?parent=7980"}],"wp:term":[{"taxonomy":"product_cat","embeddable":true,"href":"https:\/\/www.greenworldadventures.com\/es\/wp-json\/wp\/v2\/product_cat?post=7980"},{"taxonomy":"product_tag","embeddable":true,"href":"https:\/\/www.greenworldadventures.com\/es\/wp-json\/wp\/v2\/product_tag?post=7980"}],"curies":[{"name":"wp","href":"https:\/\/api.w.org\/{rel}","templated":true}]}}