{"id":7993,"date":"2023-10-24T14:46:28","date_gmt":"2023-10-24T20:46:28","guid":{"rendered":"https:\/\/www.greenworldadventures.com\/?post_type=product&#038;p=7993"},"modified":"2025-11-27T11:30:34","modified_gmt":"2025-11-27T17:30:34","slug":"explore-costa-rica-on-wheels-12-days-and-11-nights","status":"publish","type":"product","link":"https:\/\/www.greenworldadventures.com\/es\/product\/explore-costa-rica-on-wheels-12-days-and-11-nights\/","title":{"rendered":"Explora Costa Rica sobre ruedas &#8211; Con Veh\u00edculo Rentado (12 d\u00edas y 11 noches)."},"content":{"rendered":"<p>An\u00edmate a disfrutar de esta emocionante aventura donde podr\u00e1s disfrutar de las maravillas naturales y culturales de Costa Rica con nuestro programa \u201cExplora Costa Rica sobre ruedas\u201d.\u00a0 A medida que avanzas hacia el norte, te adentrar\u00e1s en la vegetaci\u00f3n de R\u00edo Celeste de Upala y la zona del Volc\u00e1n Rinc\u00f3n de la Vieja, donde podr\u00e1s relajarte y conectarte con la naturaleza. Posteriormente, viajar\u00e1s al pac\u00edfico norte y sur para disfrutar de sus costas. Aqu\u00ed tendr\u00e1s tiempo para relajarte y disfrutar del sol y de la playa.\u00a0 Finalmente, tu expedici\u00f3n te llevar\u00e1 a la Zona Santos, donde podr\u00e1s disfrutar la autenticidad costarricense, disfrutar del caf\u00e9 de alta calidad y explorar hermosos paisajes monta\u00f1osos.<\/p>","protected":false},"excerpt":{"rendered":"<p>An\u00edmate a disfrutar de esta emocionante aventura donde podr\u00e1s disfrutar de las maravillas naturales y culturales de Costa Rica con nuestro programa \u201cExplora Costa Rica sobre ruedas\u201d.<\/p>\n","protected":false},"featured_media":8003,"comment_status":"open","ping_status":"closed","template":"","meta":[],"product_cat":[17,20,19,46],"product_tag":[],"acf":[],"_links":{"self":[{"href":"https:\/\/www.greenworldadventures.com\/es\/wp-json\/wp\/v2\/product\/7993"}],"collection":[{"href":"https:\/\/www.greenworldadventures.com\/es\/wp-json\/wp\/v2\/product"}],"about":[{"href":"https:\/\/www.greenworldadventures.com\/es\/wp-json\/wp\/v2\/types\/product"}],"replies":[{"embeddable":true,"href":"https:\/\/www.greenworldadventures.com\/es\/wp-json\/wp\/v2\/comments?post=7993"}],"wp:featuredmedia":[{"embeddable":true,"href":"https:\/\/www.greenworldadventures.com\/es\/wp-json\/wp\/v2\/media\/8003"}],"wp:attachment":[{"href":"https:\/\/www.greenworldadventures.com\/es\/wp-json\/wp\/v2\/media?parent=7993"}],"wp:term":[{"taxonomy":"product_cat","embeddable":true,"href":"https:\/\/www.greenworldadventures.com\/es\/wp-json\/wp\/v2\/product_cat?post=7993"},{"taxonomy":"product_tag","embeddable":true,"href":"https:\/\/www.greenworldadventures.com\/es\/wp-json\/wp\/v2\/product_tag?post=7993"}],"curies":[{"name":"wp","href":"https:\/\/api.w.org\/{rel}","templated":true}]}}