{"id":8007,"date":"2023-10-25T08:28:33","date_gmt":"2023-10-25T14:28:33","guid":{"rendered":"https:\/\/www.greenworldadventures.com\/?post_type=product&#038;p=8007"},"modified":"2025-11-05T16:23:19","modified_gmt":"2025-11-05T22:23:19","slug":"tropical-getaway-from-the-caribbean-to-the-pacific-11-days-and-10-nights","status":"publish","type":"product","link":"https:\/\/www.greenworldadventures.com\/es\/product\/tropical-getaway-from-the-caribbean-to-the-pacific-11-days-and-10-nights\/","title":{"rendered":"Escape Tropical: Desde el Caribe al Pac\u00edfico &#8211; Con Veh\u00edculo Rentado (11 d\u00edas y 10 noches)."},"content":{"rendered":"<p>Experimenta la belleza natural y la diversidad de Costa Rica en un emocionante viaje de 11 d\u00edas. Desde las playas ex\u00f3ticas del Caribe Sur, y la serena belleza de San Gerardo de Dota, este programa te llevar\u00e1 a trav\u00e9s de la rica biodiversidad y cultura de Costa Rica. Terminar\u00e1s tu aventura disfrutando del Parque Nacional Corcovado, ubicado en la Pen\u00ednsula de Osa, el cual es una joya de la biodiversidad debido a su densa selva tropical, playas v\u00edrgenes y una gran variedad de vida silvestre.<\/p>","protected":false},"excerpt":{"rendered":"<p>Experimenta la belleza natural y la diversidad de Costa Rica en un emocionante viaje de 11 d\u00edas. Desde las playas ex\u00f3ticas del Caribe Sur, y la serena belleza de San Gerardo de Dota, este programa te llevar\u00e1 a trav\u00e9s de la rica biodiversidad y cultura de Costa Rica.<\/p>\n","protected":false},"featured_media":12366,"comment_status":"open","ping_status":"closed","template":"","meta":[],"product_cat":[18,20,19,22,46],"product_tag":[],"acf":[],"_links":{"self":[{"href":"https:\/\/www.greenworldadventures.com\/es\/wp-json\/wp\/v2\/product\/8007"}],"collection":[{"href":"https:\/\/www.greenworldadventures.com\/es\/wp-json\/wp\/v2\/product"}],"about":[{"href":"https:\/\/www.greenworldadventures.com\/es\/wp-json\/wp\/v2\/types\/product"}],"replies":[{"embeddable":true,"href":"https:\/\/www.greenworldadventures.com\/es\/wp-json\/wp\/v2\/comments?post=8007"}],"wp:featuredmedia":[{"embeddable":true,"href":"https:\/\/www.greenworldadventures.com\/es\/wp-json\/wp\/v2\/media\/12366"}],"wp:attachment":[{"href":"https:\/\/www.greenworldadventures.com\/es\/wp-json\/wp\/v2\/media?parent=8007"}],"wp:term":[{"taxonomy":"product_cat","embeddable":true,"href":"https:\/\/www.greenworldadventures.com\/es\/wp-json\/wp\/v2\/product_cat?post=8007"},{"taxonomy":"product_tag","embeddable":true,"href":"https:\/\/www.greenworldadventures.com\/es\/wp-json\/wp\/v2\/product_tag?post=8007"}],"curies":[{"name":"wp","href":"https:\/\/api.w.org\/{rel}","templated":true}]}}