{"id":8022,"date":"2023-10-25T11:17:37","date_gmt":"2023-10-25T17:17:37","guid":{"rendered":"https:\/\/www.greenworldadventures.com\/?post_type=product&#038;p=8022"},"modified":"2025-11-04T14:11:58","modified_gmt":"2025-11-04T20:11:58","slug":"natural-getaway-in-costa-rica-8-days-and-7-nights","status":"publish","type":"product","link":"https:\/\/www.greenworldadventures.com\/es\/product\/natural-getaway-in-costa-rica-8-days-and-7-nights\/","title":{"rendered":"Escape Natural por Costa Rica &#8211; Con Veh\u00edculo Rentado(8 d\u00edas y 7 noches)."},"content":{"rendered":"<p>Experimenta la belleza natural del pa\u00eds en nuestro emocionante programa \u00abEscape Natural por Costa Rica\u00bb. Durante este interesante recorrido, explorar\u00e1s hermosos paisajes, te sumergir\u00e1s en la cultura local y vivir\u00e1s experiencias en la naturaleza. Conduce por carreteras panor\u00e1micas, visita pueblos pintorescos y admira la biodiversidad \u00fanica de este hermoso pa\u00eds. Este programa te permitir\u00e1 descubrir la esencia de Costa Rica a tu propio ritmo y estilo.<\/p>","protected":false},"excerpt":{"rendered":"<p>Experimenta la belleza natural del pa\u00eds en nuestro emocionante programa \u00abEscape Natural por Costa Rica\u00bb. Durante este interesante recorrido, explorar\u00e1s hermosos paisajes, te sumergir\u00e1s en la cultura local y vivir\u00e1s experiencias en la naturaleza.<\/p>\n","protected":false},"featured_media":8028,"comment_status":"open","ping_status":"closed","template":"","meta":[],"product_cat":[17,20,19,46],"product_tag":[],"acf":[],"_links":{"self":[{"href":"https:\/\/www.greenworldadventures.com\/es\/wp-json\/wp\/v2\/product\/8022"}],"collection":[{"href":"https:\/\/www.greenworldadventures.com\/es\/wp-json\/wp\/v2\/product"}],"about":[{"href":"https:\/\/www.greenworldadventures.com\/es\/wp-json\/wp\/v2\/types\/product"}],"replies":[{"embeddable":true,"href":"https:\/\/www.greenworldadventures.com\/es\/wp-json\/wp\/v2\/comments?post=8022"}],"wp:featuredmedia":[{"embeddable":true,"href":"https:\/\/www.greenworldadventures.com\/es\/wp-json\/wp\/v2\/media\/8028"}],"wp:attachment":[{"href":"https:\/\/www.greenworldadventures.com\/es\/wp-json\/wp\/v2\/media?parent=8022"}],"wp:term":[{"taxonomy":"product_cat","embeddable":true,"href":"https:\/\/www.greenworldadventures.com\/es\/wp-json\/wp\/v2\/product_cat?post=8022"},{"taxonomy":"product_tag","embeddable":true,"href":"https:\/\/www.greenworldadventures.com\/es\/wp-json\/wp\/v2\/product_tag?post=8022"}],"curies":[{"name":"wp","href":"https:\/\/api.w.org\/{rel}","templated":true}]}}