{"id":8035,"date":"2023-10-25T13:58:07","date_gmt":"2023-10-25T19:58:07","guid":{"rendered":"https:\/\/www.greenworldadventures.com\/?post_type=product&#038;p=8035"},"modified":"2025-11-04T08:54:52","modified_gmt":"2025-11-04T14:54:52","slug":"adventure-and-nature-connections-11-days-and-10-nights","status":"publish","type":"product","link":"https:\/\/www.greenworldadventures.com\/es\/product\/adventure-and-nature-connections-11-days-and-10-nights\/","title":{"rendered":"Conexiones de Aventura y Naturaleza (11 d\u00edas y 10 noches)."},"content":{"rendered":"<p>Nuestro programa \u00abCosta Rica: Conexiones de Aventura y Naturaleza \u00bb ofrece una experiencia \u00fanica y poco convencional. Lo que hace que este tour sea verdaderamente especial son las emocionantes aventuras que te esperan durante los traslados entre destinos.<\/p>\n<p>No solo visitar\u00e1s destinos impresionantes, sino que vivir\u00e1s una verdadera aventura en el camino. La flexibilidad para explorar a tu ritmo y la opci\u00f3n de reservar tours adicionales te brindan el control total sobre tu experiencia. \u00a1\u00danete a nosotros para una aventura inolvidable en la hermosa Costa Rica!<\/p>","protected":false},"excerpt":{"rendered":"<p>Nuestro programa \u00abCosta Rica: Conexiones de Aventura y Naturaleza \u00bb ofrece una experiencia \u00fanica y poco convencional. Lo que hace que este tour sea verdaderamente especial son las emocionantes aventuras que te esperan durante los traslados entre destinos.<\/p>\n","protected":false},"featured_media":8070,"comment_status":"open","ping_status":"closed","template":"","meta":[],"product_cat":[18,19,22,46],"product_tag":[],"acf":[],"_links":{"self":[{"href":"https:\/\/www.greenworldadventures.com\/es\/wp-json\/wp\/v2\/product\/8035"}],"collection":[{"href":"https:\/\/www.greenworldadventures.com\/es\/wp-json\/wp\/v2\/product"}],"about":[{"href":"https:\/\/www.greenworldadventures.com\/es\/wp-json\/wp\/v2\/types\/product"}],"replies":[{"embeddable":true,"href":"https:\/\/www.greenworldadventures.com\/es\/wp-json\/wp\/v2\/comments?post=8035"}],"wp:featuredmedia":[{"embeddable":true,"href":"https:\/\/www.greenworldadventures.com\/es\/wp-json\/wp\/v2\/media\/8070"}],"wp:attachment":[{"href":"https:\/\/www.greenworldadventures.com\/es\/wp-json\/wp\/v2\/media?parent=8035"}],"wp:term":[{"taxonomy":"product_cat","embeddable":true,"href":"https:\/\/www.greenworldadventures.com\/es\/wp-json\/wp\/v2\/product_cat?post=8035"},{"taxonomy":"product_tag","embeddable":true,"href":"https:\/\/www.greenworldadventures.com\/es\/wp-json\/wp\/v2\/product_tag?post=8035"}],"curies":[{"name":"wp","href":"https:\/\/api.w.org\/{rel}","templated":true}]}}