{"id":8046,"date":"2023-10-25T15:58:53","date_gmt":"2023-10-25T21:58:53","guid":{"rendered":"https:\/\/www.greenworldadventures.com\/?post_type=product&#038;p=8046"},"modified":"2025-11-04T13:39:47","modified_gmt":"2025-11-04T19:39:47","slug":"adventure-between-vocanoes-9-days-and-8-nights","status":"publish","type":"product","link":"https:\/\/www.greenworldadventures.com\/es\/product\/adventure-between-vocanoes-9-days-and-8-nights\/","title":{"rendered":"Aventura entre Volcanes (9 d\u00edas y 8 noches)."},"content":{"rendered":"<p>Sum\u00e9rgete en la esencia de Costa Rica en un emocionante recorrido de 9 d\u00edas que te llevar\u00e1 a explorar la belleza natural y la majestuosidad en las zonas circundantes de cuatro de los volcanes m\u00e1s destacados del pa\u00eds: el imponente Volc\u00e1n Iraz\u00fa en Cartago, el majestuoso Volc\u00e1n Arenal en la regi\u00f3n de La Fortuna, el intrigante Volc\u00e1n Rinc\u00f3n de la Vieja en Guanacaste y el famoso Volc\u00e1n Po\u00e1s. Prep\u00e1rate para vivir esta aventura mientras te adentras en paisajes llenos de biodiversidad que solo Costa Rica sabe ofrecer.<\/p>","protected":false},"excerpt":{"rendered":"<p>Sum\u00e9rgete en la esencia de Costa Rica en un emocionante recorrido de 9 d\u00edas que te llevar\u00e1 a explorar la belleza natural y la majestuosidad en las zonas circundantes de cuatro de los volcanes m\u00e1s destacados del pa\u00eds: el imponente Volc\u00e1n Iraz\u00fa en Cartago, el majestuoso Volc\u00e1n Arenal en la regi\u00f3n de La Fortuna, el intrigante Volc\u00e1n Rinc\u00f3n de la Vieja en Guanacaste y el famoso Volc\u00e1n Po\u00e1s.<\/p>\n","protected":false},"featured_media":8083,"comment_status":"open","ping_status":"closed","template":"","meta":[],"product_cat":[17,19,46],"product_tag":[],"acf":[],"_links":{"self":[{"href":"https:\/\/www.greenworldadventures.com\/es\/wp-json\/wp\/v2\/product\/8046"}],"collection":[{"href":"https:\/\/www.greenworldadventures.com\/es\/wp-json\/wp\/v2\/product"}],"about":[{"href":"https:\/\/www.greenworldadventures.com\/es\/wp-json\/wp\/v2\/types\/product"}],"replies":[{"embeddable":true,"href":"https:\/\/www.greenworldadventures.com\/es\/wp-json\/wp\/v2\/comments?post=8046"}],"wp:featuredmedia":[{"embeddable":true,"href":"https:\/\/www.greenworldadventures.com\/es\/wp-json\/wp\/v2\/media\/8083"}],"wp:attachment":[{"href":"https:\/\/www.greenworldadventures.com\/es\/wp-json\/wp\/v2\/media?parent=8046"}],"wp:term":[{"taxonomy":"product_cat","embeddable":true,"href":"https:\/\/www.greenworldadventures.com\/es\/wp-json\/wp\/v2\/product_cat?post=8046"},{"taxonomy":"product_tag","embeddable":true,"href":"https:\/\/www.greenworldadventures.com\/es\/wp-json\/wp\/v2\/product_tag?post=8046"}],"curies":[{"name":"wp","href":"https:\/\/api.w.org\/{rel}","templated":true}]}}