{"id":8050,"date":"2023-10-25T17:00:49","date_gmt":"2023-10-25T23:00:49","guid":{"rendered":"https:\/\/www.greenworldadventures.com\/?post_type=product&#038;p=8050"},"modified":"2025-11-04T11:47:50","modified_gmt":"2025-11-04T17:47:50","slug":"adventure-beyond-the-trail-9-days-and-8-nights","status":"publish","type":"product","link":"https:\/\/www.greenworldadventures.com\/es\/product\/adventure-beyond-the-trail-9-days-and-8-nights\/","title":{"rendered":"Aventura m\u00e1s all\u00e1 del sendero &#8211; Con Veh\u00edculo Rentado (9 d\u00edas y 8 noches)"},"content":{"rendered":"<p>Emb\u00e1rquese en un emocionante viaje a trav\u00e9s de Costa Rica, donde exuberantes selvas tropicales, monta\u00f1as \u00a0y una cultura vibrante lo esperan. Nuestra expedici\u00f3n lo lleva a los tesoros ocultos de Turrialba, un encantador pueblo enclavado al pie de un volc\u00e1n activo, Los Santos, una regi\u00f3n tranquila celebrada por sus plantaciones de caf\u00e9, y Sarapiqu\u00ed, un refugio ecol\u00f3gico rebosante de biodiversidad.<\/p>\n<p>Avent\u00farese fuera del camino mientras recorre el bosque tropical e interact\u00faa con los amigables lugare\u00f1os. Enfrente la rica vida silvestre, disfrute de la aut\u00e9ntica cocina y sum\u00e9rjase en la belleza costarricense. \u00a1Descubra lo extraordinario en lo extraordinario!<\/p>","protected":false},"excerpt":{"rendered":"<p>Emb\u00e1rquese en un emocionante viaje a trav\u00e9s de Costa Rica, donde exuberantes selvas tropicales, monta\u00f1as \u00a0y una cultura vibrante lo esperan. Nuestra expedici\u00f3n lo lleva a los tesoros ocultos de Turrialba, un encantador pueblo enclavado al pie de un volc\u00e1n activo, Los Santos, una regi\u00f3n tranquila celebrada por sus plantaciones de caf\u00e9, y Sarapiqu\u00ed, un refugio ecol\u00f3gico rebosante de biodiversidad.<\/p>\n","protected":false},"featured_media":8087,"comment_status":"open","ping_status":"closed","template":"","meta":[],"product_cat":[17,20,19,46],"product_tag":[],"acf":[],"_links":{"self":[{"href":"https:\/\/www.greenworldadventures.com\/es\/wp-json\/wp\/v2\/product\/8050"}],"collection":[{"href":"https:\/\/www.greenworldadventures.com\/es\/wp-json\/wp\/v2\/product"}],"about":[{"href":"https:\/\/www.greenworldadventures.com\/es\/wp-json\/wp\/v2\/types\/product"}],"replies":[{"embeddable":true,"href":"https:\/\/www.greenworldadventures.com\/es\/wp-json\/wp\/v2\/comments?post=8050"}],"wp:featuredmedia":[{"embeddable":true,"href":"https:\/\/www.greenworldadventures.com\/es\/wp-json\/wp\/v2\/media\/8087"}],"wp:attachment":[{"href":"https:\/\/www.greenworldadventures.com\/es\/wp-json\/wp\/v2\/media?parent=8050"}],"wp:term":[{"taxonomy":"product_cat","embeddable":true,"href":"https:\/\/www.greenworldadventures.com\/es\/wp-json\/wp\/v2\/product_cat?post=8050"},{"taxonomy":"product_tag","embeddable":true,"href":"https:\/\/www.greenworldadventures.com\/es\/wp-json\/wp\/v2\/product_tag?post=8050"}],"curies":[{"name":"wp","href":"https:\/\/api.w.org\/{rel}","templated":true}]}}