{"id":8054,"date":"2023-10-26T09:57:11","date_gmt":"2023-10-26T15:57:11","guid":{"rendered":"https:\/\/www.greenworldadventures.com\/?post_type=product&#038;p=8054"},"modified":"2025-11-04T08:47:07","modified_gmt":"2025-11-04T14:47:07","slug":"triple-delight-of-costa-rica-8-days-and-7-nights","status":"publish","type":"product","link":"https:\/\/www.greenworldadventures.com\/es\/product\/triple-delight-of-costa-rica-8-days-and-7-nights\/","title":{"rendered":"El Triple Encanto de Costa Rica &#8211; Con Veh\u00edculo Rentado (8 d\u00edas y 7 noches)"},"content":{"rendered":"<p>\\Emprende un atractivo viaje a trav\u00e9s de algunos de los destinos m\u00e1s codiciados de Costa Rica, donde la belleza de la naturaleza toma el protagonismo. Nuestra aventura autoguiada te pone en control, permiti\u00e9ndote establecer tu propio ritmo mientras exploras los impresionantes paisajes de Arenal, los encantadores bosques nubosos de Monteverde y el encanto costero de playa Jac\u00f3.Emprende un atractivo viaje a trav\u00e9s de algunos de los destinos m\u00e1s codiciados de Costa Rica, donde la belleza de la naturaleza toma el protagonismo. Nuestra aventura autoguiada te pone en control, permiti\u00e9ndote establecer tu propio ritmo mientras exploras los impresionantes paisajes de Arenal, los encantadores bosques nubosos de Monteverde y el encanto costero de playa Esterillos.<\/p>","protected":false},"excerpt":{"rendered":"<p>Emprende un atractivo viaje a trav\u00e9s de algunos de los destinos m\u00e1s codiciados de Costa Rica, donde la belleza de la naturaleza toma el protagonismo.<\/p>\n","protected":false},"featured_media":8037,"comment_status":"open","ping_status":"closed","template":"","meta":[],"product_cat":[17,19,22,46],"product_tag":[],"acf":[],"_links":{"self":[{"href":"https:\/\/www.greenworldadventures.com\/es\/wp-json\/wp\/v2\/product\/8054"}],"collection":[{"href":"https:\/\/www.greenworldadventures.com\/es\/wp-json\/wp\/v2\/product"}],"about":[{"href":"https:\/\/www.greenworldadventures.com\/es\/wp-json\/wp\/v2\/types\/product"}],"replies":[{"embeddable":true,"href":"https:\/\/www.greenworldadventures.com\/es\/wp-json\/wp\/v2\/comments?post=8054"}],"wp:featuredmedia":[{"embeddable":true,"href":"https:\/\/www.greenworldadventures.com\/es\/wp-json\/wp\/v2\/media\/8037"}],"wp:attachment":[{"href":"https:\/\/www.greenworldadventures.com\/es\/wp-json\/wp\/v2\/media?parent=8054"}],"wp:term":[{"taxonomy":"product_cat","embeddable":true,"href":"https:\/\/www.greenworldadventures.com\/es\/wp-json\/wp\/v2\/product_cat?post=8054"},{"taxonomy":"product_tag","embeddable":true,"href":"https:\/\/www.greenworldadventures.com\/es\/wp-json\/wp\/v2\/product_tag?post=8054"}],"curies":[{"name":"wp","href":"https:\/\/api.w.org\/{rel}","templated":true}]}}