{"id":8058,"date":"2023-10-26T11:02:05","date_gmt":"2023-10-26T17:02:05","guid":{"rendered":"https:\/\/www.greenworldadventures.com\/?post_type=product&#038;p=8058"},"modified":"2026-03-31T10:12:32","modified_gmt":"2026-03-31T16:12:32","slug":"our-costa-rican-highlights-10-days-and-9-nights","status":"publish","type":"product","link":"https:\/\/www.greenworldadventures.com\/es\/product\/our-costa-rican-highlights-10-days-and-9-nights\/","title":{"rendered":"Maravillas de Costa Rica (10 d\u00edas y 9 noches)."},"content":{"rendered":"<p>Un viaje perfecto para descubrir las maravillas de Costa Rica con un toque de Aventura.<\/p>\n<p>El primer destino es el ic\u00f3nico volc\u00e1n Arenal, luego visitar\u00e1 el Bosque Nuboso de Monteverde en su exuberante y pac\u00edfica biodiversidad para luego terminar el viaje en el ambiente relajado de la Playa Manuel Antonio. Es una excelente combinaci\u00f3n para pasar el mejor momento de tu vida, elige tus actividades como quieras.<\/p>","protected":false},"excerpt":{"rendered":"<p>Un viaje perfecto para descubrir las maravillas de Costa Rica con un toque de Aventura.<\/p>\n","protected":false},"featured_media":8070,"comment_status":"open","ping_status":"closed","template":"","meta":[],"product_cat":[17,19,22],"product_tag":[],"acf":[],"_links":{"self":[{"href":"https:\/\/www.greenworldadventures.com\/es\/wp-json\/wp\/v2\/product\/8058"}],"collection":[{"href":"https:\/\/www.greenworldadventures.com\/es\/wp-json\/wp\/v2\/product"}],"about":[{"href":"https:\/\/www.greenworldadventures.com\/es\/wp-json\/wp\/v2\/types\/product"}],"replies":[{"embeddable":true,"href":"https:\/\/www.greenworldadventures.com\/es\/wp-json\/wp\/v2\/comments?post=8058"}],"wp:featuredmedia":[{"embeddable":true,"href":"https:\/\/www.greenworldadventures.com\/es\/wp-json\/wp\/v2\/media\/8070"}],"wp:attachment":[{"href":"https:\/\/www.greenworldadventures.com\/es\/wp-json\/wp\/v2\/media?parent=8058"}],"wp:term":[{"taxonomy":"product_cat","embeddable":true,"href":"https:\/\/www.greenworldadventures.com\/es\/wp-json\/wp\/v2\/product_cat?post=8058"},{"taxonomy":"product_tag","embeddable":true,"href":"https:\/\/www.greenworldadventures.com\/es\/wp-json\/wp\/v2\/product_tag?post=8058"}],"curies":[{"name":"wp","href":"https:\/\/api.w.org\/{rel}","templated":true}]}}